{"id":766,"date":"2020-06-21T13:01:39","date_gmt":"2020-06-21T11:01:39","guid":{"rendered":"https:\/\/capraunica.org\/?page_id=766"},"modified":"2026-01-31T19:36:03","modified_gmt":"2026-01-31T18:36:03","slug":"educazione-in-natura","status":"publish","type":"page","link":"https:\/\/capraunica.org\/?page_id=766","title":{"rendered":"Educazione in Natura"},"content":{"rendered":"<p>[et_pb_section fb_built=&#8221;1&#8243; _builder_version=&#8221;4.16&#8243; _module_preset=&#8221;default&#8221; global_colors_info=&#8221;{}&#8221;][et_pb_row _builder_version=&#8221;4.27.5&#8243; _module_preset=&#8221;default&#8221;][et_pb_column _builder_version=&#8221;4.27.5&#8243; _module_preset=&#8221;default&#8221; type=&#8221;4_4&#8243;][et_pb_image src=&#8221;https:\/\/capraunica.org\/wp-content\/uploads\/2021\/12\/Testata-educazioneNatura-CONTESTO.png&#8221; _builder_version=&#8221;4.27.5&#8243; _module_preset=&#8221;default&#8221; title_text=&#8221;Testata-educazioneNatura-CONTESTO&#8221; hover_enabled=&#8221;0&#8243; sticky_enabled=&#8221;0&#8243;][\/et_pb_image][\/et_pb_column][\/et_pb_row][et_pb_row _builder_version=&#8221;4.27.5&#8243; _module_preset=&#8221;default&#8221; global_colors_info=&#8221;{}&#8221;][et_pb_column type=&#8221;4_4&#8243; _builder_version=&#8221;4.27.5&#8243; _module_preset=&#8221;default&#8221; global_colors_info=&#8221;{}&#8221;][et_pb_text _builder_version=&#8221;4.27.5&#8243; _module_preset=&#8221;default&#8221; global_colors_info=&#8221;{}&#8221;]<\/p>\n<h2><b>Educazione, Natura, Vita<\/b><\/h2>\n<p class=\"p2\">\n<h3><b>La storia di un\u2019esperienza che continua<\/b><\/h3>\n<p class=\"p2\">\n<p class=\"p3\">A Caprauna, nella Borgata Ruora, tra boschi e pietra vecchia, <span class=\"s2\"><b>abbiamo provato a mettere insieme educazione, natura e comunit\u00e0<\/b><\/span>. Quello che \u00e8 cresciuto qui non \u00e8 stato solo un asilo, ma una domanda: come possono i bambini <span class=\"s2\"><b>apprendere dal mondo reale, dai ritmi della natura, dai compagni e dai gesti quotidiani<\/b><\/span>?<span class=\"Apple-converted-space\">\u00a0 <\/span><span class=\"s3\"><\/span><\/p>\n<p class=\"p2\">\n<p class=\"p3\">Tra il 2019 e il 2022 questa domanda ha trovato risposta in un <span class=\"s2\"><b>percorso educativo sperimentale<\/b><\/span>: attivit\u00e0 all\u2019aperto, gioco libero, esplorazione del territorio, relazioni e piccoli gruppi di bambini guidati da adulti attenti e creativi.<span class=\"Apple-converted-space\">\u00a0 <\/span><span class=\"s3\"><\/span><\/p>\n<p class=\"p2\">\n<p class=\"p3\">La presenza di Blu, Zelda, Sofia, Leo, Alex, Stefano e altri piccoli riabitanti di montagna ha trasformato Caprauna da luogo di passaggio a <span class=\"s2\"><b>casa di apprendimento<\/b><\/span>, uno spazio dove crescere non solo in altezza, ma in curiosit\u00e0, autonomia, relazione e rispetto per il mondo vivo attorno a noi.<span class=\"Apple-converted-space\">\u00a0 <\/span><span class=\"s3\"><\/span><\/p>\n<hr \/>\n<h2><b>Un\u2019esperienza reale \u2014 e un periodo di trasformazione<\/b><\/h2>\n<p class=\"p2\">\n<p class=\"p3\">Questo progetto non \u00e8 stato una semplice attivit\u00e0 da calendario, ma <span class=\"s2\"><b>una esperienza di vita<\/b><\/span>: ha nutrito relazioni, pratiche condivise, entusiasmo e anche fatica. In quel tempo abbiamo costruito spazi all\u2019aperto per giochi e lezioni, recuperato antiche fasce come \u201caule naturali\u201d, ristrutturato stanze e inventato percorsi di apprendimento legati alla montagna.<span class=\"Apple-converted-space\">\u00a0 <\/span><span class=\"s3\"><\/span><\/p>\n<p class=\"p2\">\n<p class=\"p3\">Come molte cose vive, quel percorso ha avuto anche momenti difficili: alcune famiglie non hanno potuto trasferirsi stabilmente, la pandemia ha cambiato vite e priorit\u00e0, e alla fine il progetto educativo nel borgo si \u00e8 trasformato.<span class=\"Apple-converted-space\">\u00a0 <\/span><span class=\"s3\"><\/span><\/p>\n<p class=\"p2\">\n<p class=\"p4\"><span class=\"s4\">Oggi quello specifico asilo nel bosco <\/span><b>non \u00e8 pi\u00f9 attivo come struttura permanente<\/b><span class=\"s4\">, ma la sua essenza resta <\/span><b>parte del tessuto di questo luogo e delle scelte educative che proseguono altrove<\/b><span class=\"s4\">.<\/span><\/p>\n<hr \/>\n<h2><b>Dal borgo alla valle<\/b><\/h2>\n<p class=\"p2\">\n<p class=\"p3\">L\u2019esperienza educativa di Caprauna ha lasciato un segno che va oltre i confini delle case di pietra.<\/p>\n<p class=\"p3\">\u00c8 nella <span class=\"s2\"><b>scuola a Pietra Ligure<\/b><\/span> dove Blu e Zelda frequentano con altri bambini, nata dalla visione condivisa di genitori e educatori che credono in un modo diverso di stare insieme, imparare e crescere.<\/p>\n<p class=\"p2\">\n<p class=\"p3\">Questa scuola non \u00e8 un ritorno all\u2019asilo \u201ctradizionale\u201d, ma una <span class=\"s2\"><b>convergenza di esperienze<\/b><\/span>, un ponte tra la natura di Caprauna e la quotidianit\u00e0 di una comunit\u00e0 che continua a interrogarsi su come far crescere i ragazzi nel mondo reale.<\/p>\n<hr \/>\n<h2><b>Quello che resta<\/b><\/h2>\n<p class=\"p2\">\n<p class=\"p3\">Il tempo dell\u2019asilo nel borgo ha lasciato una <span class=\"s2\"><b>eredit\u00e0 di esperienze, relazioni, idee<\/b><\/span> e ha portato a nuove forme di vita quotidiana:<\/p>\n<ul>\n<li>\n<p class=\"p1\">genitori e bambini che si conoscono e si sostengono<\/p>\n<\/li>\n<li>\n<p class=\"p1\">una domanda educativa che continua a orientare scelte di vita quotidiana<\/p>\n<\/li>\n<li>\n<p class=\"p1\">relazioni col territorio e con chi visita, vive o ritorna qui<\/p>\n<\/li>\n<\/ul>\n<p class=\"p2\">\n<p class=\"p4\"><span class=\"s4\">A Caprauna ci sono <\/span><b>case, sentieri, boschi, confidenze e storie<\/b><span class=\"s4\">.<\/span><\/p>\n<p class=\"p3\">E c\u2019\u00e8 <span class=\"s2\"><b>ancora Sally, il nostro maiale vietnamita<\/b><\/span>, che continua a ricordarci quanto pu\u00f2 essere sorprendente vivere con sincerit\u00e0 a contatto con la natura.<\/p>\n<hr \/>\n<h2><b>Una pagina per ricordare<\/b><\/h2>\n<p class=\"p2\">\n<p class=\"p3\">Questa pagina racconta <span class=\"s2\"><b>una fase intensa di vita e di apprendimento<\/b><\/span>, un tempo che ha insegnato molto a chi l\u2019ha vissuto e ha lasciato tracce importanti in chi continua a portare avanti valori di libert\u00e0, esplorazione, relazione e cura.<\/p>\n<p class=\"p3\">Non \u00e8 un \u201caddio\u201d, ma <span class=\"s2\"><b>una memoria viva<\/b><\/span> che continua a dialogare con chi arriva qui oggi e con chi porta questa esperienza dentro di s\u00e9.<\/p>\n<p>[\/et_pb_text][\/et_pb_column][\/et_pb_row][et_pb_row _builder_version=&#8221;4.27.5&#8243; _module_preset=&#8221;default&#8221;][et_pb_column _builder_version=&#8221;4.27.5&#8243; _module_preset=&#8221;default&#8221; type=&#8221;4_4&#8243;][et_pb_image src=&#8221;https:\/\/capraunica.org\/wp-content\/uploads\/2021\/04\/400&#215;400-copia-2.png&#8221; _builder_version=&#8221;4.27.5&#8243; _module_preset=&#8221;default&#8221; title_text=&#8221;400&#215;400 copia 2&#8243; hover_enabled=&#8221;0&#8243; sticky_enabled=&#8221;0&#8243;][\/et_pb_image][\/et_pb_column][\/et_pb_row][\/et_pb_section]<\/p>\n","protected":false},"excerpt":{"rendered":"<p>Educazione, Natura, Vita La storia di un\u2019esperienza che continua A Caprauna, nella Borgata Ruora, tra boschi e pietra vecchia, abbiamo provato a mettere insieme educazione, natura e comunit\u00e0. Quello che \u00e8 cresciuto qui non \u00e8 stato solo un asilo, ma una domanda: come possono i bambini apprendere dal mondo reale, dai ritmi della natura, dai [&hellip;]<\/p>\n","protected":false},"author":1,"featured_media":809,"parent":0,"menu_order":0,"comment_status":"closed","ping_status":"closed","template":"","meta":{"_et_pb_use_builder":"on","_et_pb_old_content":"<!-- wp:quote {\"align\":\"center\"} -->\n<blockquote class=\"wp-block-quote has-text-align-center\"><p>L\u2019Asilo nel bosco \u00e8 una tipologia di scuola dell\u2019infanzia rivolta a bambini di et\u00e0 compresa tra i tre e i sei anni, che si svolge quasi esclusivamente all\u2019aperto. I bambini sono incoraggiati a giocare, esplorare e imparare in un ambiente naturale come \u00e8 il bosco, in qualsiasi stagione. <\/p><cite><a href=\"https:\/\/it.wikipedia.org\/wiki\/Asilo_nel_bosco\">Wikipedia<\/a><\/cite><\/blockquote>\n<!-- \/wp:quote -->\n\n<!-- wp:paragraph -->\n<p>Noi come genitori e abitanti del territorio stiamo partendo con l idea e la speranza di  aprire un <strong>Asilo nel Borgo<\/strong>, una struttura che segue a pieno le <a href=\"https:\/\/capraunica.org\/filosofie-e-linee-guida\/\" target=\"_blank\" rel=\"noreferrer noopener\">filosofie e linee guida<\/a> del Asilo nel Bosco, ma riadattata territorialmente al nostro territorio di piccola borgata montana. <\/p>\n<!-- \/wp:paragraph -->\n\n<!-- wp:columns -->\n<div class=\"wp-block-columns\"><!-- wp:column {\"width\":66.66} -->\n<div class=\"wp-block-column\" style=\"flex-basis:66.66%\"><!-- wp:paragraph -->\n<p>Creare questa nuova realta  non e lavoro semplice e sicuramente economicamente dispendioso, anche avendo immobili di propriet\u00e0 , stiamo cercando di affrontare tutti i costi di messa a norma , didattica per bambini e insegnanti.  Abbiamo cosi creato un money box per donazioni tramite paypal per chiunque potesse e volesse darci una mano con questo importante progetto.<\/p>\n<!-- \/wp:paragraph --><\/div>\n<!-- \/wp:column -->\n\n<!-- wp:column {\"verticalAlignment\":\"center\",\"width\":33.33} -->\n<div class=\"wp-block-column is-vertically-aligned-center\" style=\"flex-basis:33.33%\"><!-- wp:image {\"id\":818,\"sizeSlug\":\"large\"} -->\n<figure class=\"wp-block-image size-large\"><a href=\"https:\/\/paypal.me\/pools\/c\/8q8GIwXja4\" target=\"_blank\" rel=\"noopener noreferrer\"><img src=\"https:\/\/capraunica.org\/wp-content\/uploads\/2020\/06\/BOTTONE-1024x682.png\" alt=\"\" class=\"wp-image-818\"\/><\/a><\/figure>\n<!-- \/wp:image --><\/div>\n<!-- \/wp:column --><\/div>\n<!-- \/wp:columns -->\n\n<!-- wp:separator {\"className\":\"is-style-default\"} -->\n<hr class=\"wp-block-separator is-style-default\"\/>\n<!-- \/wp:separator -->\n\n<!-- wp:paragraph {\"align\":\"center\"} -->\n<p class=\"has-text-align-center\">All interno della borgata sono gi\u00e0 presenti alcuni bambini in et\u00e0 Asilo,&nbsp; altri stanno crescendo, e prevediamo di allargare il progetto ad altre famiglie al di fuori del nostro gruppo , cercando di avvicinare nuove nuclei familiari&nbsp; a ripopolare e tornare a vivere la borgata dando a loro un servizio essenziale quale un asilo per i loro figli.<\/p>\n<!-- \/wp:paragraph -->\n\n<!-- wp:columns -->\n<div class=\"wp-block-columns\"><!-- wp:column -->\n<div class=\"wp-block-column\"><!-- wp:image {\"id\":767,\"sizeSlug\":\"large\"} -->\n<figure class=\"wp-block-image size-large\"><img src=\"https:\/\/capraunica.org\/wp-content\/uploads\/2020\/06\/cartelli.png\" alt=\"\" class=\"wp-image-767\"\/><\/figure>\n<!-- \/wp:image -->\n\n<!-- wp:heading -->\n<h2><strong>SPAZI PRESENTI<\/strong><\/h2>\n<!-- \/wp:heading -->\n\n<!-- wp:paragraph -->\n<p>Un asilo ha bisogno di una sede, All\u2019interno di immobili&nbsp; gi\u00e0\u2019 di nostra propriet\u00e0 abbiamo preparato&nbsp; alcuni&nbsp; spazi coperti che saranno dedicati all Asilo nel bosco. Abbiamo una cucina per attivit\u00e0 culinarie, e due grossi saloni multiuso. Gli spazi gi\u00e0 ad oggi utilizzabili e in sicurezza,&nbsp; avranno bisogno comunque di&nbsp; ulteriori ristrutturazioni per renderli completamente a norma.<\/p>\n<!-- \/wp:paragraph -->\n\n<!-- wp:heading -->\n<h2><strong>SPAZI FUTURI<\/strong><\/h2>\n<!-- \/wp:heading -->\n\n<!-- wp:paragraph -->\n<p>Grazie all\u2019aiuto di una delle nonne delle nostre bimbe,&nbsp; che sta comprando un nuovo immobile nella borgata. Verr\u00e0 messo a disposizione un nuovo&nbsp; spazio che sar\u00e0  dedicato completamente ai bambini e all'asilo, l'immobile&nbsp; ha anche una parte di terreno adiacente che verr\u00e0 trasformato in parco giochi e spazio sicuro per i bambini all aria aperta.<\/p>\n<!-- \/wp:paragraph --><\/div>\n<!-- \/wp:column -->\n\n<!-- wp:column -->\n<div class=\"wp-block-column\"><!-- wp:heading -->\n<h2><strong>SPAZI ALL APERTO<\/strong><\/h2>\n<!-- \/wp:heading -->\n\n<!-- wp:paragraph -->\n<p>Oltre agli spazi coperti siamo circondati da natura, con boschi e fiumi a portata di pochi passi. Alcuni tratti nel bosco sono completamenti messi in sicurezza e quotidianamente puliti e sotto controllo dal comune di Caprauna.&nbsp;<\/p>\n<!-- \/wp:paragraph -->\n\n<!-- wp:paragraph -->\n<p>Metteremo a disposizione del progetto anche dei terreni&nbsp; di nostra propriet\u00e0&nbsp; che verranno adibiti e trasformati in&nbsp; \u201cAule\u201d&nbsp; di gioco e didattica in Natura.&nbsp;<\/p>\n<!-- \/wp:paragraph -->\n\n<!-- wp:paragraph -->\n<p>Possediamo anche orti che possono essere utilizzati per workshop e iniziative che coinvolgono i bambini nel mondo della coltivazione e crescita di piante fiori e vegetali .<\/p>\n<!-- \/wp:paragraph -->\n\n<!-- wp:image {\"id\":805,\"sizeSlug\":\"large\"} -->\n<figure class=\"wp-block-image size-large\"><img src=\"https:\/\/capraunica.org\/wp-content\/uploads\/2020\/06\/DAV_4923low-1024x683.jpg\" alt=\"\" class=\"wp-image-805\"\/><\/figure>\n<!-- \/wp:image --><\/div>\n<!-- \/wp:column --><\/div>\n<!-- \/wp:columns -->\n\n<!-- wp:heading {\"align\":\"right\"} -->\n<h2 class=\"has-text-align-right\"><strong>UN ASILO IN VACANZA<\/strong><\/h2>\n<!-- \/wp:heading -->\n\n<!-- wp:paragraph -->\n<p>Caprauna e met\u00e0 soprattutto di villegiature , un posto che si anima di famiglie e bambini nei mesi d'estate, ma come molti paesi di montagna ha pochi spazi disegnati e attivit\u00e0 per bambini in vacanza.<\/p>\n<!-- \/wp:paragraph -->\n\n<!-- wp:paragraph -->\n<p>L' idea del nostro asilo prevede una locazione temporale un po atipica visto le temperature molto fredde durante l\u2019inverno, crediamo in una didattica generale che vada da marzo a ottobre.&nbsp;<\/p>\n<!-- \/wp:paragraph -->\n\n<!-- wp:paragraph -->\n<p>che nei mesi d'estate si ampia con molte pi\u00f9 attivit\u00e0 e servizi , avendo l\u2019idea  di ospitare bambini in residenza per i periodi di vacanza dalla citt\u00e0. Creando cosi anche la possibilit\u00e0 di ampliare il flusso di turisti e residenti estivi del paese e i dintorni.<\/p>\n<!-- \/wp:paragraph -->\n\n<!-- wp:columns -->\n<div class=\"wp-block-columns\"><!-- wp:column -->\n<div class=\"wp-block-column\"><!-- wp:heading -->\n<h2><strong>RICERCA INSEGNANTI<\/strong><\/h2>\n<!-- \/wp:heading -->\n\n<!-- wp:paragraph -->\n<p>Come ogni Asilo anche quello nel bosco a bisogno di insegnanti preparati,&nbsp;un ruolo importantissimo per il quale stiamo cercando la persona giusta che possa essere capace di adattarsi alla dinamiche della natura e poter gestire i bambini in spazi e contesti diversi. Ricerca che abbiamo gi\u00e0 iniziato e per la quale abbiamo avuto molte richieste. Ad aggiunta a questa figura fissa , verranno proposte attivit\u00e0 e workshop da formatori qualificati assunti all\u2019esterno, &nbsp; riguardanti svariate materie come&nbsp; arte,&nbsp; teatro,&nbsp; musica,&nbsp; cucina,&nbsp; giardinaggio. Anche noi genitori e abitanti della borgata saremo in prima fila per la creazione di extra attivit\u00e0. Ogni genitore ha delle specificit\u00e0, potr\u00e0 insegnarle a tutti i bambini dell\u2019asilo, un'opportunit\u00e0 di rimettersi a studiare per passare il meglio alla prossima generazione.<\/p>\n<!-- \/wp:paragraph --><\/div>\n<!-- \/wp:column -->\n\n<!-- wp:column -->\n<div class=\"wp-block-column\"><!-- wp:spacer {\"height\":71} -->\n<div style=\"height:71px\" aria-hidden=\"true\" class=\"wp-block-spacer\"><\/div>\n<!-- \/wp:spacer -->\n\n<!-- wp:image {\"align\":\"left\",\"id\":788,\"sizeSlug\":\"large\"} -->\n<div class=\"wp-block-image\"><figure class=\"alignleft size-large\"><img src=\"https:\/\/capraunica.org\/wp-content\/uploads\/2020\/06\/photo_2020-06-21_12-54-40-1-768x1024.jpg\" alt=\"\" class=\"wp-image-788\"\/><\/figure><\/div>\n<!-- \/wp:image --><\/div>\n<!-- \/wp:column --><\/div>\n<!-- \/wp:columns -->\n\n<!-- wp:image {\"id\":811,\"sizeSlug\":\"large\"} -->\n<figure class=\"wp-block-image size-large\"><img src=\"https:\/\/capraunica.org\/wp-content\/uploads\/2020\/06\/photo_2020-06-21_14-56-16yyyt-1-1024x768.jpg\" alt=\"\" class=\"wp-image-811\"\/><\/figure>\n<!-- \/wp:image -->\n\n<!-- wp:image {\"id\":822,\"sizeSlug\":\"large\"} -->\n<figure class=\"wp-block-image size-large\"><img src=\"https:\/\/capraunica.org\/wp-content\/uploads\/2020\/06\/photo_2020-06-23_19-52-15-copy-1024x575.jpg\" alt=\"\" class=\"wp-image-822\"\/><\/figure>\n<!-- \/wp:image -->","_et_gb_content_width":"","footnotes":""},"class_list":["post-766","page","type-page","status-publish","has-post-thumbnail","hentry"],"_links":{"self":[{"href":"https:\/\/capraunica.org\/index.php?rest_route=\/wp\/v2\/pages\/766","targetHints":{"allow":["GET"]}}],"collection":[{"href":"https:\/\/capraunica.org\/index.php?rest_route=\/wp\/v2\/pages"}],"about":[{"href":"https:\/\/capraunica.org\/index.php?rest_route=\/wp\/v2\/types\/page"}],"author":[{"embeddable":true,"href":"https:\/\/capraunica.org\/index.php?rest_route=\/wp\/v2\/users\/1"}],"replies":[{"embeddable":true,"href":"https:\/\/capraunica.org\/index.php?rest_route=%2Fwp%2Fv2%2Fcomments&post=766"}],"version-history":[{"count":11,"href":"https:\/\/capraunica.org\/index.php?rest_route=\/wp\/v2\/pages\/766\/revisions"}],"predecessor-version":[{"id":1548,"href":"https:\/\/capraunica.org\/index.php?rest_route=\/wp\/v2\/pages\/766\/revisions\/1548"}],"wp:featuredmedia":[{"embeddable":true,"href":"https:\/\/capraunica.org\/index.php?rest_route=\/wp\/v2\/media\/809"}],"wp:attachment":[{"href":"https:\/\/capraunica.org\/index.php?rest_route=%2Fwp%2Fv2%2Fmedia&parent=766"}],"curies":[{"name":"wp","href":"https:\/\/api.w.org\/{rel}","templated":true}]}}