{"id":49,"date":"2019-05-12T00:17:45","date_gmt":"2019-05-11T22:17:45","guid":{"rendered":"https:\/\/capraunica.org\/?page_id=49"},"modified":"2026-01-31T19:26:30","modified_gmt":"2026-01-31T18:26:30","slug":"il-progetto","status":"publish","type":"page","link":"https:\/\/capraunica.org\/","title":{"rendered":"Il Progetto"},"content":{"rendered":"<p>[et_pb_section fb_built=&#8221;1&#8243; _builder_version=&#8221;4.16&#8243; background_image=&#8221;https:\/\/capraunica.org\/wp-content\/uploads\/2020\/03\/Untitled-2-scaled.jpg&#8221; min_height=&#8221;354px&#8221; custom_margin=&#8221;||-15px|||&#8221; custom_padding=&#8221;||343px|||&#8221; global_colors_info=&#8221;{}&#8221;][\/et_pb_section][et_pb_section fb_built=&#8221;1&#8243; _builder_version=&#8221;4.16&#8243; custom_padding=&#8221;0px|||||&#8221; global_colors_info=&#8221;{}&#8221;][et_pb_row _builder_version=&#8221;4.16&#8243; background_size=&#8221;initial&#8221; background_position=&#8221;top_left&#8221; background_repeat=&#8221;repeat&#8221; global_colors_info=&#8221;{}&#8221;][et_pb_column type=&#8221;4_4&#8243; _builder_version=&#8221;4.16&#8243; custom_padding=&#8221;|||&#8221; global_colors_info=&#8221;{}&#8221; custom_padding__hover=&#8221;|||&#8221;][et_pb_text _builder_version=&#8221;4.27.5&#8243; background_size=&#8221;initial&#8221; background_position=&#8221;top_left&#8221; background_repeat=&#8221;repeat&#8221; hover_enabled=&#8221;0&#8243; global_colors_info=&#8221;{}&#8221; sticky_enabled=&#8221;0&#8243;]<\/p>\n<h2><b>L\u2019Isola di Capraunica<\/b><\/h2>\n<p class=\"p2\">\n<h3><b>Un progetto che \u00e8 stato. Un luogo che continua.<\/b><\/h3>\n<p class=\"p2\">\n<p class=\"p3\">L\u2019Isola di Capraunica nasce come progetto vivo, collettivo, sperimentale.<\/p>\n<p class=\"p3\">Non da un\u2019idea improvvisa, ma da un tempo lungo fatto di presenze, ritorni, tentativi, relazioni.<\/p>\n<p class=\"p2\">\n<p class=\"p3\">Tra il 2015 e il 2023 Caprauna \u00e8 stata per noi un laboratorio di vita:<\/p>\n<p class=\"p3\">una comunit\u00e0 nascente, un progetto educativo, agricolo e culturale, un modo diverso di abitare un borgo che rischiava di spegnersi.<\/p>\n<p class=\"p2\">\n<p class=\"p3\">Oggi L\u2019Isola di Capraunica non \u00e8 pi\u00f9 un\u2019associazione attiva.<\/p>\n<p class=\"p3\">\u00c8 diventata qualcos\u2019altro: <span class=\"s2\"><b>un\u2019idea in soffitta<\/b><\/span>, s\u00ec, ma di quelle che non si buttano.<\/p>\n<p class=\"p3\">E soprattutto \u00e8 ancora <span class=\"s2\"><b>un luogo reale<\/b><\/span>, fatto di dieci case, sentieri, silenzi, tavolate lunghe e ritorni frequenti.<\/p>\n<hr \/>\n<h2><b>Com\u2019\u00e8 nata<\/b><\/h2>\n<p class=\"p2\">\n<p class=\"p3\">Per alcuni anni Caprauna \u00e8 stata frequentata in modo irregolare, quasi per caso.<\/p>\n<p class=\"p3\">Poi, nel 2015, la possibilit\u00e0 di acquistare le prime case ha cambiato il passo: con Davide \u00e8 iniziata una presenza pi\u00f9 continua, condivisa con amici, collaboratori, famiglie.<\/p>\n<p class=\"p2\">\n<p class=\"p3\">Nel 2016 l\u2019ingresso di Vittoria ha dato forma al progetto:<\/p>\n<p class=\"p3\">altri immobili, terreni, coltivazioni, una rete sociale, l\u2019idea che non si trattasse solo di \u201cvenire\u201d, ma di <span class=\"s2\"><b>provare a vivere<\/b><\/span>.<\/p>\n<p class=\"p2\">\n<p class=\"p3\">Nel 2017 nasce Blu.<\/p>\n<p class=\"p3\">E con lei entra nel progetto una domanda pi\u00f9 grande: dove e come crescono i figli?<\/p>\n<p class=\"p3\">La risposta, lentamente, si allontana da Milano e prende la forma di Caprauna.<\/p>\n<p class=\"p2\">\n<p class=\"p3\">Negli anni successivi il borgo si anima:<\/p>\n<p class=\"p3\">persone di passaggio e presenze pi\u00f9 stabili, eventi, cene, yoga, teatro, volontari, famiglie con bambini.<\/p>\n<p class=\"p3\">Un\u2019intervista su <i>Italia che Cambia<\/i> amplifica l\u2019eco del progetto, portando attenzione e scambi con altre realt\u00e0 simili.<\/p>\n<p class=\"p2\">\n<p class=\"p3\">Senza supporto istituzionale, ma con molta energia condivisa, Capraunica diventa per un periodo <span class=\"s2\"><b>un esperimento concreto di comunit\u00e0 educante e abitativa<\/b><\/span>.<\/p>\n<hr \/>\n<h2><b>L\u2019educazione come filo rosso<\/b><\/h2>\n<p class=\"p2\">\n<p class=\"p3\">L\u2019asilo nel bosco di Caprauna non \u00e8 stato un episodio isolato, ma un passaggio chiave.<\/p>\n<p class=\"p3\">Un\u2019esperienza che ha segnato profondamente il progetto e le persone coinvolte.<\/p>\n<p class=\"p2\">\n<p class=\"p3\">Quando la vita quotidiana si \u00e8 spostata a valle, quell\u2019intuizione non si \u00e8 persa:<\/p>\n<p class=\"p3\">\u00e8 confluita nella nascita di una scuola a Pietra Ligure, aperta da Luca, Vittoria e un gruppo di genitori provenienti dal progetto Libellule APS.<\/p>\n<p class=\"p2\">\n<p class=\"p4\"><span class=\"s3\">Per noi quella scuola \u00e8 il <\/span><b>proseguimento naturale dell\u2019asilo nel borgo<\/b><span class=\"s3\">:<\/span><\/p>\n<p class=\"p3\">stessa visione, stesso sguardo sui bambini, stesso tentativo di tenere insieme educazione, territorio e relazione.<\/p>\n<hr \/>\n<h2><b>Oggi<\/b><\/h2>\n<p class=\"p2\">\n<p class=\"p3\">Oggi Capraunica \u00e8 abitata in modo diverso.<\/p>\n<p class=\"p2\">\n<p class=\"p3\">Davide vive il luogo con continuit\u00e0.<\/p>\n<p class=\"p3\">Luca e Vittoria, con Blu e Zelda, tornano quasi ogni fine settimana.<\/p>\n<p class=\"p3\">Durante la settimana la vita si svolge a Pietra Ligure, intorno alla scuola.<\/p>\n<p class=\"p2\">\n<p class=\"p3\">A Caprauna restano le case, il tempo lento, le stagioni che si sentono ancora bene.<\/p>\n<p class=\"p3\">E resta Sally, il nostro maiale vietnamita, mascotte non ufficiale e presenza stabile del borgo.<\/p>\n<p class=\"p2\">\n<p class=\"p3\">Capraunica oggi <span class=\"s2\"><b>ospita amici sinceri<\/b><\/span>, persone che vengono a trovarci, a stare, a respirare.<\/p>\n<p class=\"p3\">Non \u00e8 pi\u00f9 un progetto da spiegare, ma un luogo da vivere.<\/p>\n<p class=\"p4\">\n<hr \/>\n<h2><b>Uno sguardo avanti<\/b><\/h2>\n<p class=\"p2\">\n<p class=\"p3\">L\u2019Isola di Capraunica non \u00e8 un progetto chiuso.<\/p>\n<p class=\"p4\"><span class=\"s3\">\u00c8 un progetto <\/span><b>concluso in una forma<\/b><span class=\"s3\">, e <\/span><b>aperto in molte altre<\/b><span class=\"s3\">.<\/span><\/p>\n<p class=\"p2\">\n<p class=\"p3\">Rimane come memoria viva di un tempo intenso.<\/p>\n<p class=\"p3\">Rimane come luogo fisico, che continua a essere abitato.<\/p>\n<p class=\"p3\">Rimane come radice di altri progetti, educativi e umani, che sono nati dopo.<\/p>\n<p class=\"p2\">\n<p class=\"p3\">Non tutto deve crescere all\u2019infinito.<\/p>\n<p class=\"p3\">Alcune cose fanno il loro lavoro, e poi restano l\u00ec \u2014<\/p>\n<p class=\"p3\">come un\u2019isola, come una soffitta, come una buona storia.<\/p>\n<p>[\/et_pb_text][\/et_pb_column][\/et_pb_row][\/et_pb_section]<\/p>\n","protected":false},"excerpt":{"rendered":"<p>L\u2019Isola di Capraunica Un progetto che \u00e8 stato. Un luogo che continua. L\u2019Isola di Capraunica nasce come progetto vivo, collettivo, sperimentale. Non da un\u2019idea improvvisa, ma da un tempo lungo fatto di presenze, ritorni, tentativi, relazioni. Tra il 2015 e il 2023 Caprauna \u00e8 stata per noi un laboratorio di vita: una comunit\u00e0 nascente, un [&hellip;]<\/p>\n","protected":false},"author":1,"featured_media":482,"parent":0,"menu_order":0,"comment_status":"closed","ping_status":"closed","template":"","meta":{"_et_pb_use_builder":"on","_et_pb_old_content":"<!-- wp:paragraph -->\n<p>La Nascita<\/p>\n<!-- \/wp:paragraph -->\n\n<!-- wp:paragraph -->\n<p>Questo percorso \u00e8 nato in modo graduale, non \u00e8 un lampo di genio. <\/p>\n<!-- \/wp:paragraph -->\n\n<!-- wp:paragraph -->\n<p>Per circa 4 anni ho frequentato Caprauna in visita a conoscenti, venivo con il mio camper, scoprendo ad ogni visita la meraviglia del luogo e le possibilit\u00e0. Nel 2015 si \u00e8 presentata la possibilit\u00e0 di comprare le prime due case ad un prezzo accessibile, con Davide ho iniziato a frequentare il posto e con noi, gruppi di amici e collaboratori hanno attraversato questo luogo aggiungendo sempre pi\u00f9 senso alla possibilit\u00e0 di viverci pi\u00f9 che frequentarlo saltuariamente. Nel 2016 con l\u2019ingresso nel progetto di Vittoria abbiamo acquisito altri immobili e terreni ed abbiamo iniziato la scrittura del progetto, la coltivazione delle rape, la costruzione di una rete sociale per la diffusione dell\u2019idea. Nel 2017 \u00e8 nata Blu, la pi\u00f9 piccola del progetto e si \u00e8 consolidata l\u2019idea che il luogo dove crescere figli e vivere \u00e8 pi\u00f9 simile a Caprauna che a Milano. <\/p>\n<!-- \/wp:paragraph -->\n\n<!-- wp:paragraph {\"align\":\"right\"} -->\n<p class=\"has-text-align-right\"><em> &nbsp;Luca Andrea Marazzin<\/em>i<br><\/p>\n<!-- \/wp:paragraph -->\n\n<!-- wp:paragraph -->\n<p>Nel 2018 si \u00e8 aggiunta un\u2019altra coppia al percorso con un\u2019altra bimba piccola, e un gran numero di persone hanno passato qualche giorno qui e condiviso con noi le possibilit\u00e0 offerte da questo magnifico territorio. <br>\nIl mondo si \u00e8 accorto di noi e dopo un' intervista su \"Italia che cambia\", si sono moltiplicate le richieste di informazioni e gli scambi con altre realt\u00e0.<\/p>\n<!-- \/wp:paragraph -->\n\n<!-- wp:paragraph -->\n<p>In questo periodo abbiamo avuto supporto di molte persone, dagli chef stellati di Milano che acquistano le nostre rape, ai volontari che si sono susseguiti, chi per un giorno chi per mesi, <br>\nsenza nessun supporto da parte delle istituzioni che nonostante le nostre sollecitazioni sono rimaste indifferenti.<\/p>\n<!-- \/wp:paragraph -->\n\n<!-- wp:paragraph -->\n<p>Dal 2018 abbiamo iniziato proporre cene, yoga, teatro, e altri eventi pop-up, cercando di strutturare nel tempo un calendario pi\u00f9 fitto di eventi e incontri,<br>\nil tutto vivendo il territorio e coltivandoci il nostro cibo.<\/p>\n<!-- \/wp:paragraph -->\n\n<!-- wp:core-embed\/youtube {\"url\":\"https:\/\/www.youtube.com\/watch?v=lQhGHWrbows\",\"type\":\"video\",\"providerNameSlug\":\"youtube\",\"className\":\"wp-embed-aspect-16-9 wp-has-aspect-ratio\"} -->\n<figure class=\"wp-block-embed-youtube wp-block-embed is-type-video is-provider-youtube wp-embed-aspect-16-9 wp-has-aspect-ratio\"><div class=\"wp-block-embed__wrapper\">\nhttps:\/\/www.youtube.com\/watch?v=lQhGHWrbows\n<\/div><figcaption>Video prodotto da Italia che cambia<\/figcaption><\/figure>\n<!-- \/wp:core-embed\/youtube -->","_et_gb_content_width":"1080","footnotes":""},"class_list":["post-49","page","type-page","status-publish","has-post-thumbnail","hentry"],"_links":{"self":[{"href":"https:\/\/capraunica.org\/index.php?rest_route=\/wp\/v2\/pages\/49","targetHints":{"allow":["GET"]}}],"collection":[{"href":"https:\/\/capraunica.org\/index.php?rest_route=\/wp\/v2\/pages"}],"about":[{"href":"https:\/\/capraunica.org\/index.php?rest_route=\/wp\/v2\/types\/page"}],"author":[{"embeddable":true,"href":"https:\/\/capraunica.org\/index.php?rest_route=\/wp\/v2\/users\/1"}],"replies":[{"embeddable":true,"href":"https:\/\/capraunica.org\/index.php?rest_route=%2Fwp%2Fv2%2Fcomments&post=49"}],"version-history":[{"count":9,"href":"https:\/\/capraunica.org\/index.php?rest_route=\/wp\/v2\/pages\/49\/revisions"}],"predecessor-version":[{"id":1542,"href":"https:\/\/capraunica.org\/index.php?rest_route=\/wp\/v2\/pages\/49\/revisions\/1542"}],"wp:featuredmedia":[{"embeddable":true,"href":"https:\/\/capraunica.org\/index.php?rest_route=\/wp\/v2\/media\/482"}],"wp:attachment":[{"href":"https:\/\/capraunica.org\/index.php?rest_route=%2Fwp%2Fv2%2Fmedia&parent=49"}],"curies":[{"name":"wp","href":"https:\/\/api.w.org\/{rel}","templated":true}]}}