{"id":13,"date":"2019-04-08T02:12:08","date_gmt":"2019-04-08T00:12:08","guid":{"rendered":"https:\/\/capraunica.org\/?page_id=13"},"modified":"2021-04-14T00:32:23","modified_gmt":"2021-04-13T22:32:23","slug":"blog","status":"publish","type":"page","link":"https:\/\/capraunica.org\/?page_id=13","title":{"rendered":"Blog"},"content":{"rendered":"<p>[et_pb_section fb_built=&#8221;1&#8243; _builder_version=&#8221;4.4.6&#8243; background_color=&#8221;rgba(232,232,232,0.44)&#8221;][et_pb_row _builder_version=&#8221;4.4.6&#8243;][et_pb_column type=&#8221;4_4&#8243; _builder_version=&#8221;4.4.6&#8243;][et_pb_text _builder_version=&#8221;4.4.6&#8243; text_font=&#8221;|600|||||||&#8221; text_font_size=&#8221;21px&#8221; text_line_height=&#8221;1.6em&#8221; text_orientation=&#8221;center&#8221;]<\/p>\n<p>Il Blog dell&#8217;isola di CapraUnica, \u00e8 il nostro notiziario, dove pubblichiamo le nostre novit\u00e0, i progetti, le curiosit\u00e0 e molto altro di tutte le attivit\u00e0 messe in atto qui, sull&#8217;Isola di CapraUnica<\/p>\n<p>[\/et_pb_text][et_pb_blog fullwidth=&#8221;off&#8221; posts_number=&#8221;50&#8243; show_more=&#8221;on&#8221; show_author=&#8221;off&#8221; _builder_version=&#8221;4.9.3&#8243; hover_enabled=&#8221;0&#8243; include_categories=&#8221;all&#8221; show_date=&#8221;off&#8221; sticky_enabled=&#8221;0&#8243;][\/et_pb_blog][\/et_pb_column][\/et_pb_row][\/et_pb_section]<\/p>\n","protected":false},"excerpt":{"rendered":"<p>Il Blog dell&#8217;isola di CapraUnica, \u00e8 il nostro notiziario, dove pubblichiamo le nostre novit\u00e0, i progetti, le curiosit\u00e0 e molto altro di tutte le attivit\u00e0 messe in atto qui, sull&#8217;Isola di CapraUnica<\/p>\n","protected":false},"author":1,"featured_media":769,"parent":0,"menu_order":0,"comment_status":"closed","ping_status":"closed","template":"","meta":{"_et_pb_use_builder":"on","_et_pb_old_content":"","_et_gb_content_width":"","footnotes":""},"class_list":["post-13","page","type-page","status-publish","has-post-thumbnail","hentry"],"_links":{"self":[{"href":"https:\/\/capraunica.org\/index.php?rest_route=\/wp\/v2\/pages\/13","targetHints":{"allow":["GET"]}}],"collection":[{"href":"https:\/\/capraunica.org\/index.php?rest_route=\/wp\/v2\/pages"}],"about":[{"href":"https:\/\/capraunica.org\/index.php?rest_route=\/wp\/v2\/types\/page"}],"author":[{"embeddable":true,"href":"https:\/\/capraunica.org\/index.php?rest_route=\/wp\/v2\/users\/1"}],"replies":[{"embeddable":true,"href":"https:\/\/capraunica.org\/index.php?rest_route=%2Fwp%2Fv2%2Fcomments&post=13"}],"version-history":[{"count":5,"href":"https:\/\/capraunica.org\/index.php?rest_route=\/wp\/v2\/pages\/13\/revisions"}],"predecessor-version":[{"id":1265,"href":"https:\/\/capraunica.org\/index.php?rest_route=\/wp\/v2\/pages\/13\/revisions\/1265"}],"wp:featuredmedia":[{"embeddable":true,"href":"https:\/\/capraunica.org\/index.php?rest_route=\/wp\/v2\/media\/769"}],"wp:attachment":[{"href":"https:\/\/capraunica.org\/index.php?rest_route=%2Fwp%2Fv2%2Fmedia&parent=13"}],"curies":[{"name":"wp","href":"https:\/\/api.w.org\/{rel}","templated":true}]}}